{"id":1011,"date":"2026-01-08T11:36:04","date_gmt":"2026-01-08T10:36:04","guid":{"rendered":"https:\/\/dmi.mesdb15.com\/in-der-umgebung\/"},"modified":"2026-03-05T09:38:35","modified_gmt":"2026-03-05T08:38:35","slug":"in-der-umgebung","status":"publish","type":"page","link":"https:\/\/dmi.mesdb15.com\/de\/in-der-umgebung\/","title":{"rendered":"In der Umgebung"},"content":{"rendered":"\t\t<div data-elementor-type=\"wp-page\" data-elementor-id=\"1011\" class=\"elementor elementor-1011 elementor-119\" data-elementor-post-type=\"page\">\n\t\t\t\t<div class=\"elementor-element elementor-element-44e9eb8 e-con-full e-flex e-con e-parent\" data-id=\"44e9eb8\" data-element_type=\"container\">\n\t\t\t\t<div class=\"elementor-element elementor-element-57d2db7 elementor-widget__width-inherit elementor-widget-tablet__width-inherit elementor-hidden-tablet elementor-hidden-mobile animated-fast elementor-invisible elementor-widget elementor-widget-heading\" data-id=\"57d2db7\" data-element_type=\"widget\" data-settings=\"{&quot;_animation&quot;:&quot;fadeIn&quot;}\" data-widget_type=\"heading.default\">\n\t\t\t\t\t<h1 class=\"elementor-heading-title elementor-size-default\">Beniamios typische K\u00fcche<\/h1>\t\t\t\t<\/div>\n\t\t\t\t<div class=\"elementor-element elementor-element-63e14fe elementor-widget__width-inherit elementor-widget-tablet__width-inherit elementor-hidden-desktop animated-fast elementor-invisible elementor-widget elementor-widget-heading\" data-id=\"63e14fe\" data-element_type=\"widget\" data-settings=\"{&quot;_animation&quot;:&quot;fadeIn&quot;}\" data-widget_type=\"heading.default\">\n\t\t\t\t\t<h1 class=\"elementor-heading-title elementor-size-default\">Beniamios typische<\/h1>\t\t\t\t<\/div>\n\t\t\t\t<div class=\"elementor-element elementor-element-8ef9096 elementor-widget__width-inherit elementor-widget-tablet__width-inherit elementor-hidden-desktop animated-fast elementor-invisible elementor-widget elementor-widget-heading\" data-id=\"8ef9096\" data-element_type=\"widget\" data-settings=\"{&quot;_animation&quot;:&quot;fadeIn&quot;}\" data-widget_type=\"heading.default\">\n\t\t\t\t\t<h1 class=\"elementor-heading-title elementor-size-default\">K\u00fcche<\/h1>\t\t\t\t<\/div>\n\t\t\t\t<\/div>\n\t\t<div class=\"elementor-element elementor-element-37093b1 e-con-full e-flex elementor-invisible e-con e-parent\" data-id=\"37093b1\" data-element_type=\"container\" data-settings=\"{&quot;animation&quot;:&quot;fadeInLeft&quot;}\">\n\t\t<div class=\"elementor-element elementor-element-17c943a7 e-con-full e-flex e-con e-child\" data-id=\"17c943a7\" data-element_type=\"container\" data-settings=\"{&quot;animation&quot;:&quot;none&quot;}\">\n\t\t\t\t<div class=\"elementor-element elementor-element-156ab906 elementor-widget__width-inherit elementor-widget-tablet__width-inherit elementor-widget elementor-widget-text-editor\" data-id=\"156ab906\" data-element_type=\"widget\" data-widget_type=\"text-editor.default\">\n\t\t\t\t\t\t\t\t\t<p>Nur wenige Schritte von der M\u00fchle in Civorio entfernt erwartet Sie ein wahres Meisterwerk der regionalen K\u00fcche: das Ristorante Civorio da Beniamino.<\/p>\n<p>Hier werden traditionelle Gerichte der Romagna mit <strong>frischen, saisonalen <\/strong>und<strong> lokalen Zutaten<\/strong> <strong>serviert<\/strong>. Passatelli, Tortellini, Lasagne und Wildgerichte sind nur einige der <strong>Spezialit\u00e4ten<\/strong>, die Sie in dieser traumhaften Lage am Fu\u00dfe des Apennins von Forl\u00ec genie\u00dfen k\u00f6nnen.<\/p>\n\t\t\t\t\t\t\t\t<\/div>\n\t\t\t\t<\/div>\n\t\t<div class=\"elementor-element elementor-element-56ac1c65 e-con-full e-flex e-con e-child\" data-id=\"56ac1c65\" data-element_type=\"container\">\n\t\t\t\t<div class=\"elementor-element elementor-element-3c785936 elementor-widget__width-inherit scrollphoto-main elementor-widget elementor-widget-image-carousel\" data-id=\"3c785936\" data-element_type=\"widget\" data-settings=\"{&quot;slides_to_show&quot;:&quot;1&quot;,&quot;navigation&quot;:&quot;none&quot;,&quot;autoplay&quot;:&quot;yes&quot;,&quot;pause_on_interaction&quot;:&quot;yes&quot;,&quot;autoplay_speed&quot;:5000,&quot;infinite&quot;:&quot;yes&quot;,&quot;effect&quot;:&quot;slide&quot;,&quot;speed&quot;:500}\" data-widget_type=\"image-carousel.default\">\n\t\t\t\t\t\t\t<div class=\"elementor-image-carousel-wrapper swiper\" role=\"region\" aria-roledescription=\"carousel\" aria-label=\"Carosello nei dintorni\" dir=\"ltr\">\n\t\t\t<div class=\"elementor-image-carousel swiper-wrapper\" aria-live=\"off\">\n\t\t\t\t\t\t\t\t<div class=\"swiper-slide\" role=\"group\" aria-roledescription=\"slide\" aria-label=\"1 von 3\"><figure class=\"swiper-slide-inner\"><img decoding=\"async\" class=\"swiper-slide-image\" src=\"https:\/\/dmi.mesdb15.com\/wp-content\/uploads\/2026\/01\/bar-ristorante-pizzeria.jpg\" alt=\"pasta_restaurant\" \/><\/figure><\/div><div class=\"swiper-slide\" role=\"group\" aria-roledescription=\"slide\" aria-label=\"2 von 3\"><figure class=\"swiper-slide-inner\"><img decoding=\"async\" class=\"swiper-slide-image\" src=\"https:\/\/dmi.mesdb15.com\/wp-content\/uploads\/2026\/01\/ravioli-spech-pomodorini-1.jpg\" alt=\"ravioli_speck_tomaten\" \/><\/figure><\/div><div class=\"swiper-slide\" role=\"group\" aria-roledescription=\"slide\" aria-label=\"3 von 3\"><figure class=\"swiper-slide-inner\"><img decoding=\"async\" class=\"swiper-slide-image\" src=\"https:\/\/dmi.mesdb15.com\/wp-content\/uploads\/2026\/01\/tortelli-con-crema-al-1024x819.jpg\" alt=\"tortelli_k\u00e4se\" \/><\/figure><\/div>\t\t\t<\/div>\n\t\t\t\t\t\t\t\n\t\t\t\t\t\t\t\t\t<\/div>\n\t\t\t\t\t\t<\/div>\n\t\t\t\t<\/div>\n\t\t\t\t<\/div>\n\t\t<div class=\"elementor-element elementor-element-568879da e-con-full e-flex e-con e-parent\" data-id=\"568879da\" data-element_type=\"container\" data-settings=\"{&quot;background_background&quot;:&quot;classic&quot;}\">\n\t\t\t\t<div class=\"elementor-element elementor-element-50f3cc38 elementor-widget__width-inherit elementor-widget-tablet__width-inherit elementor-hidden-tablet elementor-hidden-mobile animated-fast elementor-invisible elementor-widget elementor-widget-heading\" data-id=\"50f3cc38\" data-element_type=\"widget\" data-settings=\"{&quot;_animation&quot;:&quot;fadeIn&quot;}\" data-widget_type=\"heading.default\">\n\t\t\t\t\t<h1 class=\"elementor-heading-title elementor-size-default\">Die W\u00e4lder von Casentino<\/h1>\t\t\t\t<\/div>\n\t\t\t\t<div class=\"elementor-element elementor-element-5bc3042 elementor-widget__width-inherit elementor-widget-tablet__width-inherit elementor-hidden-desktop animated-fast elementor-invisible elementor-widget elementor-widget-heading\" data-id=\"5bc3042\" data-element_type=\"widget\" data-settings=\"{&quot;_animation&quot;:&quot;fadeIn&quot;}\" data-widget_type=\"heading.default\">\n\t\t\t\t\t<h1 class=\"elementor-heading-title elementor-size-default\">Die W\u00e4lder<\/h1>\t\t\t\t<\/div>\n\t\t\t\t<div class=\"elementor-element elementor-element-51dab32 elementor-widget__width-inherit elementor-widget-tablet__width-inherit elementor-hidden-desktop animated-fast elementor-invisible elementor-widget elementor-widget-heading\" data-id=\"51dab32\" data-element_type=\"widget\" data-settings=\"{&quot;_animation&quot;:&quot;fadeIn&quot;}\" data-widget_type=\"heading.default\">\n\t\t\t\t\t<h1 class=\"elementor-heading-title elementor-size-default\">von Casentino<\/h1>\t\t\t\t<\/div>\n\t\t\t\t<\/div>\n\t\t<div class=\"elementor-element elementor-element-215e7cf8 e-con-full e-flex elementor-invisible e-con e-parent\" data-id=\"215e7cf8\" data-element_type=\"container\" data-settings=\"{&quot;animation&quot;:&quot;fadeInRight&quot;}\">\n\t\t<div class=\"elementor-element elementor-element-30e2a922 e-con-full e-flex e-con e-child\" data-id=\"30e2a922\" data-element_type=\"container\">\n\t\t\t\t<div class=\"elementor-element elementor-element-48b54646 elementor-widget__width-inherit .scrollphoto-main elementor-widget elementor-widget-image-carousel\" data-id=\"48b54646\" data-element_type=\"widget\" data-settings=\"{&quot;slides_to_show&quot;:&quot;1&quot;,&quot;navigation&quot;:&quot;none&quot;,&quot;autoplay&quot;:&quot;yes&quot;,&quot;pause_on_interaction&quot;:&quot;yes&quot;,&quot;autoplay_speed&quot;:5000,&quot;infinite&quot;:&quot;yes&quot;,&quot;effect&quot;:&quot;slide&quot;,&quot;speed&quot;:500}\" data-widget_type=\"image-carousel.default\">\n\t\t\t\t\t\t\t<div class=\"elementor-image-carousel-wrapper swiper\" role=\"region\" aria-roledescription=\"carousel\" aria-label=\"Carosello nei dintorni\" dir=\"ltr\">\n\t\t\t<div class=\"elementor-image-carousel swiper-wrapper\" aria-live=\"off\">\n\t\t\t\t\t\t\t\t<div class=\"swiper-slide\" role=\"group\" aria-roledescription=\"slide\" aria-label=\"1 von 3\"><figure class=\"swiper-slide-inner\"><img decoding=\"async\" class=\"swiper-slide-image\" src=\"https:\/\/dmi.mesdb15.com\/wp-content\/uploads\/2026\/03\/AUTUNNO-Agostini-Nevio_0_0_3-1c.jpg\" alt=\"foreste_casentinesi_autunno\" \/><\/figure><\/div><div class=\"swiper-slide\" role=\"group\" aria-roledescription=\"slide\" aria-label=\"2 von 3\"><figure class=\"swiper-slide-inner\"><img decoding=\"async\" class=\"swiper-slide-image\" src=\"https:\/\/dmi.mesdb15.com\/wp-content\/uploads\/2026\/01\/ForesteCasentinesi-1024x819.jpg\" alt=\"diew\u00e4lder_descasentino_wasserfall\" \/><\/figure><\/div><div class=\"swiper-slide\" role=\"group\" aria-roledescription=\"slide\" aria-label=\"3 von 3\"><figure class=\"swiper-slide-inner\"><img decoding=\"async\" class=\"swiper-slide-image\" src=\"https:\/\/dmi.mesdb15.com\/wp-content\/uploads\/2026\/01\/Parco-nazionale-delle-Foreste-Casentinesi-Monte-Falterona-e-Campigna-ph.-A.Cappuccioni-parcoforestecasentinesi.it-CC-BY-NC-SA-3.0-1024x819.jpeg\" alt=\"draufsicht_diew\u00e4lderdescasentino_ mountfalterona_campigna\" \/><\/figure><\/div>\t\t\t<\/div>\n\t\t\t\t\t\t\t\n\t\t\t\t\t\t\t\t\t<\/div>\n\t\t\t\t\t\t<\/div>\n\t\t\t\t<\/div>\n\t\t<div class=\"elementor-element elementor-element-564b0931 e-con-full e-flex e-con e-child\" data-id=\"564b0931\" data-element_type=\"container\">\n\t\t\t\t<div class=\"elementor-element elementor-element-2871d775 elementor-widget__width-inherit elementor-widget-tablet__width-inherit elementor-widget elementor-widget-text-editor\" data-id=\"2871d775\" data-element_type=\"widget\" data-widget_type=\"text-editor.default\">\n\t\t\t\t\t\t\t\t\t<p>Ein Naturschutzgebiet zwischen der Romagna und der Toskana, reich an jahrhundertealten W\u00e4ldern, Wallfahrtsorten und Wasserf\u00e4llen. Eines der bedeutendsten Waldgebiete Italiens, das als wahres Paradies f\u00fcr Berg- und Naturliebhaber gilt.<\/p>\n<p>Fast 37.000 Hektar <strong>herrliche Natur<\/strong>, in die zwei wichtige Wallfahrtsorte wie Camaldoli und La Verna eingebettet sind. Dar\u00fcber hinaus <strong>bereichern<\/strong> zahlreiche historische, k\u00fcnstlerische und architektonische Sehensw\u00fcrdigkeiten in charakteristischen D\u00f6rfern dieses gro\u00dfe Naturgebiet im toskanisch-romagnolischen Apennin. All dies, zusammen mit Hunderten von Kilometern Wanderwegen aller Schwierigkeitsgrade, ist <strong>eine sch\u00f6ne Pr\u00e4sentation<\/strong> dieser gro\u00dfen gr\u00fcnen Lunge und gleichzeitig eine verlockende Einladung, sie zu besuchen, ja sogar zu erleben.<\/p>\n\t\t\t\t\t\t\t\t<\/div>\n\t\t\t\t<\/div>\n\t\t\t\t<\/div>\n\t\t<div class=\"elementor-element elementor-element-11397be e-con-full e-flex e-con e-parent\" data-id=\"11397be\" data-element_type=\"container\" data-settings=\"{&quot;background_background&quot;:&quot;classic&quot;}\">\n\t\t\t\t<div class=\"elementor-element elementor-element-370d7ae elementor-widget__width-inherit elementor-widget-tablet__width-inherit elementor-hidden-tablet animated-fast elementor-invisible elementor-widget elementor-widget-heading\" data-id=\"370d7ae\" data-element_type=\"widget\" data-settings=\"{&quot;_animation&quot;:&quot;fadeIn&quot;}\" data-widget_type=\"heading.default\">\n\t\t\t\t\t<h1 class=\"elementor-heading-title elementor-size-default\">Terme di Bagno di Romagna<\/h1>\t\t\t\t<\/div>\n\t\t\t\t<div class=\"elementor-element elementor-element-8d5c7cf elementor-widget__width-inherit elementor-widget-tablet__width-inherit elementor-hidden-desktop elementor-hidden-mobile animated-fast elementor-invisible elementor-widget elementor-widget-heading\" data-id=\"8d5c7cf\" data-element_type=\"widget\" data-settings=\"{&quot;_animation&quot;:&quot;fadeIn&quot;}\" data-widget_type=\"heading.default\">\n\t\t\t\t\t<h1 class=\"elementor-heading-title elementor-size-default\">Terme di Bagno<\/h1>\t\t\t\t<\/div>\n\t\t\t\t<div class=\"elementor-element elementor-element-f274b05 elementor-widget__width-inherit elementor-widget-tablet__width-inherit elementor-hidden-desktop elementor-hidden-mobile animated-fast elementor-invisible elementor-widget elementor-widget-heading\" data-id=\"f274b05\" data-element_type=\"widget\" data-settings=\"{&quot;_animation&quot;:&quot;fadeIn&quot;}\" data-widget_type=\"heading.default\">\n\t\t\t\t\t<h1 class=\"elementor-heading-title elementor-size-default\">di Romagna<\/h1>\t\t\t\t<\/div>\n\t\t\t\t<\/div>\n\t\t<div class=\"elementor-element elementor-element-e26456a e-con-full e-flex elementor-invisible e-con e-parent\" data-id=\"e26456a\" data-element_type=\"container\" data-settings=\"{&quot;animation&quot;:&quot;fadeInLeft&quot;}\">\n\t\t<div class=\"elementor-element elementor-element-819ed56 e-con-full e-flex e-con e-child\" data-id=\"819ed56\" data-element_type=\"container\">\n\t\t\t\t<div class=\"elementor-element elementor-element-85281bc elementor-widget__width-inherit elementor-widget-tablet__width-inherit elementor-widget elementor-widget-text-editor\" data-id=\"85281bc\" data-element_type=\"widget\" data-widget_type=\"text-editor.default\">\n\t\t\t\t\t\t\t\t\t<p>Die heilende Wirkung des Wassers von Bagno di Romagna ist seit dem 3. Jahrhundert v. Chr. bekannt, als die R\u00f6mer die ersten Thermalb\u00e4der, die sogenannten Balneum (B\u00e4der), errichteten, deren <strong>\u00dcberreste<\/strong> noch heute sichtbar sind. Auch im Mittelalter war der Kurort bekannt, da Bagno ein beliebter Rastplatz f\u00fcr Pilger auf dem Weg nach Rom war.<\/p>\n<p>Das alkalische, bikarbonat- und schwefelhaltige Mineralwasser von Bagno di Romagna flie\u00dft mit einer nat\u00fcrlichen Temperatur von 45 \u00b0C. Seine <strong>heilende Wirkung<\/strong> ist durch zahlreiche wissenschaftliche Studien belegt und best\u00e4tigt. Es wirkt dem Alterungsprozess entgegen und ist hilfreich bei chronischer Arthropathie, entz\u00fcndlichen Erkrankungen des Bewegungsapparates, Atemwegserkrankungen, Kreislaufst\u00f6rungen und vielem mehr.<\/p>\n\t\t\t\t\t\t\t\t<\/div>\n\t\t\t\t<\/div>\n\t\t<div class=\"elementor-element elementor-element-941b512 e-con-full e-flex e-con e-child\" data-id=\"941b512\" data-element_type=\"container\">\n\t\t\t\t<div class=\"elementor-element elementor-element-31eac84 elementor-widget__width-inherit .scrollphoto-main elementor-widget elementor-widget-image-carousel\" data-id=\"31eac84\" data-element_type=\"widget\" data-settings=\"{&quot;slides_to_show&quot;:&quot;1&quot;,&quot;navigation&quot;:&quot;none&quot;,&quot;autoplay&quot;:&quot;yes&quot;,&quot;pause_on_interaction&quot;:&quot;yes&quot;,&quot;autoplay_speed&quot;:5000,&quot;infinite&quot;:&quot;yes&quot;,&quot;effect&quot;:&quot;slide&quot;,&quot;speed&quot;:500}\" data-widget_type=\"image-carousel.default\">\n\t\t\t\t\t\t\t<div class=\"elementor-image-carousel-wrapper swiper\" role=\"region\" aria-roledescription=\"carousel\" aria-label=\"Carosello nei dintorni\" dir=\"ltr\">\n\t\t\t<div class=\"elementor-image-carousel swiper-wrapper\" aria-live=\"off\">\n\t\t\t\t\t\t\t\t<div class=\"swiper-slide\" role=\"group\" aria-roledescription=\"slide\" aria-label=\"1 von 3\"><figure class=\"swiper-slide-inner\"><img decoding=\"async\" class=\"swiper-slide-image\" src=\"https:\/\/dmi.mesdb15.com\/wp-content\/uploads\/2026\/01\/1631791787.jpg\" alt=\"bagno_di_romagna_raus\" \/><\/figure><\/div><div class=\"swiper-slide\" role=\"group\" aria-roledescription=\"slide\" aria-label=\"2 von 3\"><figure class=\"swiper-slide-inner\"><img decoding=\"async\" class=\"swiper-slide-image\" src=\"https:\/\/dmi.mesdb15.com\/wp-content\/uploads\/2026\/01\/30.12252520252528272525291-1024x820.jpg\" alt=\"bagno_di_romagna_raus\" \/><\/figure><\/div><div class=\"swiper-slide\" role=\"group\" aria-roledescription=\"slide\" aria-label=\"3 von 3\"><figure class=\"swiper-slide-inner\"><img decoding=\"async\" class=\"swiper-slide-image\" src=\"https:\/\/dmi.mesdb15.com\/wp-content\/uploads\/2026\/01\/home-1-1-1-1024x819.jpg\" alt=\"bagno_di_romagna_int\" \/><\/figure><\/div>\t\t\t<\/div>\n\t\t\t\t\t\t\t\n\t\t\t\t\t\t\t\t\t<\/div>\n\t\t\t\t\t\t<\/div>\n\t\t\t\t<\/div>\n\t\t\t\t<\/div>\n\t\t<div class=\"elementor-element elementor-element-37b021c e-con-full e-flex e-con e-parent\" data-id=\"37b021c\" data-element_type=\"container\" data-settings=\"{&quot;background_background&quot;:&quot;classic&quot;}\">\n\t\t\t\t<div class=\"elementor-element elementor-element-5ede2fa elementor-widget__width-inherit elementor-widget-tablet__width-inherit elementor-hidden-tablet elementor-hidden-mobile animated-fast elementor-invisible elementor-widget elementor-widget-heading\" data-id=\"5ede2fa\" data-element_type=\"widget\" data-settings=\"{&quot;_animation&quot;:&quot;fadeIn&quot;}\" data-widget_type=\"heading.default\">\n\t\t\t\t\t<h1 class=\"elementor-heading-title elementor-size-default\">Die Sehensw\u00fcrdigkeiten von Ridracoli<\/h1>\t\t\t\t<\/div>\n\t\t\t\t<div class=\"elementor-element elementor-element-d32531c elementor-widget__width-inherit elementor-widget-tablet__width-inherit elementor-hidden-desktop animated-fast elementor-invisible elementor-widget elementor-widget-heading\" data-id=\"d32531c\" data-element_type=\"widget\" data-settings=\"{&quot;_animation&quot;:&quot;fadeIn&quot;}\" data-widget_type=\"heading.default\">\n\t\t\t\t\t<h1 class=\"elementor-heading-title elementor-size-default\">Die Sehensw\u00fcrdigkeiten<\/h1>\t\t\t\t<\/div>\n\t\t\t\t<div class=\"elementor-element elementor-element-f161516 elementor-widget__width-inherit elementor-widget-tablet__width-inherit elementor-hidden-desktop animated-fast elementor-invisible elementor-widget elementor-widget-heading\" data-id=\"f161516\" data-element_type=\"widget\" data-settings=\"{&quot;_animation&quot;:&quot;fadeIn&quot;}\" data-widget_type=\"heading.default\">\n\t\t\t\t\t<h1 class=\"elementor-heading-title elementor-size-default\">von Ridracoli<\/h1>\t\t\t\t<\/div>\n\t\t\t\t<\/div>\n\t\t<div class=\"elementor-element elementor-element-1d35f0b e-con-full e-flex elementor-invisible e-con e-parent\" data-id=\"1d35f0b\" data-element_type=\"container\" data-settings=\"{&quot;animation&quot;:&quot;fadeInRight&quot;}\">\n\t\t<div class=\"elementor-element elementor-element-2c32840 e-con-full e-flex e-con e-child\" data-id=\"2c32840\" data-element_type=\"container\">\n\t\t\t\t<div class=\"elementor-element elementor-element-97c9774 elementor-widget__width-inherit scrollphoto-main elementor-widget elementor-widget-image-carousel\" data-id=\"97c9774\" data-element_type=\"widget\" data-settings=\"{&quot;slides_to_show&quot;:&quot;1&quot;,&quot;navigation&quot;:&quot;none&quot;,&quot;autoplay&quot;:&quot;yes&quot;,&quot;pause_on_interaction&quot;:&quot;yes&quot;,&quot;autoplay_speed&quot;:5000,&quot;infinite&quot;:&quot;yes&quot;,&quot;effect&quot;:&quot;slide&quot;,&quot;speed&quot;:500}\" data-widget_type=\"image-carousel.default\">\n\t\t\t\t\t\t\t<div class=\"elementor-image-carousel-wrapper swiper\" role=\"region\" aria-roledescription=\"carousel\" aria-label=\"Carosello nei dintorni\" dir=\"ltr\">\n\t\t\t<div class=\"elementor-image-carousel swiper-wrapper\" aria-live=\"off\">\n\t\t\t\t\t\t\t\t<div class=\"swiper-slide\" role=\"group\" aria-roledescription=\"slide\" aria-label=\"1 von 3\"><figure class=\"swiper-slide-inner\"><img decoding=\"async\" class=\"swiper-slide-image\" src=\"https:\/\/dmi.mesdb15.com\/wp-content\/uploads\/2026\/01\/Bosco-di-Rincine-cavallo-1024x819.jpg\" alt=\"natur_pferd\" \/><\/figure><\/div><div class=\"swiper-slide\" role=\"group\" aria-roledescription=\"slide\" aria-label=\"2 von 3\"><figure class=\"swiper-slide-inner\"><img decoding=\"async\" class=\"swiper-slide-image\" src=\"https:\/\/dmi.mesdb15.com\/wp-content\/uploads\/2026\/01\/il-grandioso-anello-di-ridracoli-ciclismo-1024x819-1.jpg\" alt=\"natur_radfahren\" \/><\/figure><\/div><div class=\"swiper-slide\" role=\"group\" aria-roledescription=\"slide\" aria-label=\"3 von 3\"><figure class=\"swiper-slide-inner\"><img decoding=\"async\" class=\"swiper-slide-image\" src=\"https:\/\/dmi.mesdb15.com\/wp-content\/uploads\/2026\/01\/canoa-trekking-ridracoli-canoa-1024x819.jpg\" alt=\"kanuf\u00fchrer_ridracoli\" \/><\/figure><\/div>\t\t\t<\/div>\n\t\t\t\t\t\t\t\n\t\t\t\t\t\t\t\t\t<\/div>\n\t\t\t\t\t\t<\/div>\n\t\t\t\t<\/div>\n\t\t<div class=\"elementor-element elementor-element-a0bf4bd e-con-full e-flex e-con e-child\" data-id=\"a0bf4bd\" data-element_type=\"container\">\n\t\t\t\t<div class=\"elementor-element elementor-element-be9c401 elementor-widget__width-inherit elementor-widget-tablet__width-inherit elementor-widget elementor-widget-text-editor\" data-id=\"be9c401\" data-element_type=\"widget\" data-widget_type=\"text-editor.default\">\n\t\t\t\t\t\t\t\t\t<p>Mitten im Nationalpark Casentinesi-W\u00e4lder erstreckt sich das Museum Idro<strong> \u00fcber das gesamte Gebiet<\/strong>. Erg\u00e4nzt wird sein Hauptsitz durch den Ridracoli-Staudamm, eine Art Freilichtmuseum mit drei Themenbereichen: Technologie, Landschaft und Natur, die sich entlang seiner Kuppe erstrecken.<\/p>\n<p>Verpassen Sie nicht die Gelegenheit zu einer Fahrt mit dem <strong>Elektroboot<\/strong> auf dem See oder einer gef\u00fchrten Kanutour, allein oder in der Gruppe, in Begleitung eines erfahrenen Guides. Und f\u00fcr Radsportbegeisterte gibt es jetzt die M\u00f6glichkeit, <strong>E-Bikes<\/strong> zu mieten und so die W\u00e4lder zu erkunden!<\/p>\n\t\t\t\t\t\t\t\t<\/div>\n\t\t\t\t<\/div>\n\t\t\t\t<\/div>\n\t\t\t\t<\/div>\n\t\t","protected":false},"excerpt":{"rendered":"<p>Beniamios typische K\u00fcche Beniamios typische K\u00fcche Nur wenige Schritte von der M\u00fchle in Civorio entfernt erwartet Sie ein wahres Meisterwerk der regionalen K\u00fcche: das Ristorante Civorio da Beniamino. Hier werden traditionelle Gerichte der Romagna mit frischen, saisonalen und lokalen Zutaten serviert. Passatelli, Tortellini, Lasagne und Wildgerichte sind nur einige der Spezialit\u00e4ten, die Sie in dieser [&hellip;]<\/p>\n","protected":false},"author":2,"featured_media":0,"parent":0,"menu_order":3,"comment_status":"closed","ping_status":"closed","template":"","meta":{"footnotes":""},"class_list":["post-1011","page","type-page","status-publish","hentry"],"_links":{"self":[{"href":"https:\/\/dmi.mesdb15.com\/de\/wp-json\/wp\/v2\/pages\/1011","targetHints":{"allow":["GET"]}}],"collection":[{"href":"https:\/\/dmi.mesdb15.com\/de\/wp-json\/wp\/v2\/pages"}],"about":[{"href":"https:\/\/dmi.mesdb15.com\/de\/wp-json\/wp\/v2\/types\/page"}],"author":[{"embeddable":true,"href":"https:\/\/dmi.mesdb15.com\/de\/wp-json\/wp\/v2\/users\/2"}],"replies":[{"embeddable":true,"href":"https:\/\/dmi.mesdb15.com\/de\/wp-json\/wp\/v2\/comments?post=1011"}],"version-history":[{"count":11,"href":"https:\/\/dmi.mesdb15.com\/de\/wp-json\/wp\/v2\/pages\/1011\/revisions"}],"predecessor-version":[{"id":2544,"href":"https:\/\/dmi.mesdb15.com\/de\/wp-json\/wp\/v2\/pages\/1011\/revisions\/2544"}],"wp:attachment":[{"href":"https:\/\/dmi.mesdb15.com\/de\/wp-json\/wp\/v2\/media?parent=1011"}],"curies":[{"name":"wp","href":"https:\/\/api.w.org\/{rel}","templated":true}]}}