{"id":987,"date":"2026-01-07T11:01:12","date_gmt":"2026-01-07T10:01:12","guid":{"rendered":"https:\/\/dmi.mesdb15.com\/heim\/"},"modified":"2026-03-05T12:07:23","modified_gmt":"2026-03-05T11:07:23","slug":"heim","status":"publish","type":"page","link":"https:\/\/dmi.mesdb15.com\/de\/","title":{"rendered":"Heim"},"content":{"rendered":"\t\t<div data-elementor-type=\"wp-post\" data-elementor-id=\"987\" class=\"elementor elementor-987 elementor-7\" data-elementor-post-type=\"page\">\n\t\t\t\t<div class=\"elementor-element elementor-element-2579420 e-con-full e-flex e-con e-parent\" data-id=\"2579420\" data-element_type=\"container\">\n\t\t\t\t<div class=\"elementor-element elementor-element-a8e186a elementor-widget__width-inherit scrollphoto-main-banner elementor-widget elementor-widget-video\" data-id=\"a8e186a\" data-element_type=\"widget\" data-settings=\"{&quot;video_type&quot;:&quot;hosted&quot;,&quot;autoplay&quot;:&quot;yes&quot;,&quot;mute&quot;:&quot;yes&quot;,&quot;loop&quot;:&quot;yes&quot;}\" data-widget_type=\"video.default\">\n\t\t\t\t\t\t\t<div class=\"e-hosted-video elementor-wrapper elementor-open-inline\">\n\t\t\t\t\t<video class=\"elementor-video\" src=\"https:\/\/dmi.mesdb15.com\/wp-content\/uploads\/2026\/01\/Mulino.mp4\" autoplay=\"\" loop=\"\" muted=\"muted\" controlsList=\"nodownload\"><\/video>\n\t\t\t\t<\/div>\n\t\t\t\t\t\t<\/div>\n\t\t\t\t<\/div>\n\t\t<div class=\"elementor-element elementor-element-260192dc e-con-full e-flex e-con e-parent\" data-id=\"260192dc\" data-element_type=\"container\">\n\t\t\t\t<div class=\"elementor-element elementor-element-264ef13e elementor-widget__width-inherit elementor-widget-tablet__width-inherit elementor-hidden-tablet elementor-hidden-mobile animated-fast elementor-invisible elementor-widget elementor-widget-heading\" data-id=\"264ef13e\" data-element_type=\"widget\" data-settings=\"{&quot;_animation&quot;:&quot;fadeIn&quot;}\" data-widget_type=\"heading.default\">\n\t\t\t\t\t<h1 class=\"elementor-heading-title elementor-size-default\">Um wie im M\u00e4rchen zu leben<\/h1>\t\t\t\t<\/div>\n\t\t\t\t<div class=\"elementor-element elementor-element-817cbcd elementor-widget__width-inherit elementor-widget-tablet__width-inherit elementor-hidden-desktop animated-fast elementor-invisible elementor-widget elementor-widget-heading\" data-id=\"817cbcd\" data-element_type=\"widget\" data-settings=\"{&quot;_animation&quot;:&quot;fadeIn&quot;}\" data-widget_type=\"heading.default\">\n\t\t\t\t\t<h1 class=\"elementor-heading-title elementor-size-default\">Um wie im M\u00e4rchen<\/h1>\t\t\t\t<\/div>\n\t\t\t\t<div class=\"elementor-element elementor-element-ae81e47 elementor-widget__width-inherit elementor-widget-tablet__width-inherit elementor-hidden-desktop animated-fast elementor-invisible elementor-widget elementor-widget-heading\" data-id=\"ae81e47\" data-element_type=\"widget\" data-settings=\"{&quot;_animation&quot;:&quot;fadeIn&quot;}\" data-widget_type=\"heading.default\">\n\t\t\t\t\t<h1 class=\"elementor-heading-title elementor-size-default\">zu leben<\/h1>\t\t\t\t<\/div>\n\t\t\t\t<\/div>\n\t\t<div class=\"elementor-element elementor-element-587b01b1 e-con-full e-flex e-con e-parent\" data-id=\"587b01b1\" data-element_type=\"container\">\n\t\t<div class=\"elementor-element elementor-element-229ccf4a e-con-full e-flex elementor-invisible e-con e-child\" data-id=\"229ccf4a\" data-element_type=\"container\" data-settings=\"{&quot;motion_fx_motion_fx_scrolling&quot;:&quot;yes&quot;,&quot;animation&quot;:&quot;fadeInLeft&quot;,&quot;motion_fx_devices&quot;:[&quot;desktop&quot;,&quot;tablet&quot;,&quot;mobile&quot;]}\">\n\t\t\t\t<div class=\"elementor-element elementor-element-fb4e055 elementor-widget__width-inherit elementor-widget-tablet__width-inherit elementor-widget elementor-widget-text-editor\" data-id=\"fb4e055\" data-element_type=\"widget\" data-widget_type=\"text-editor.default\">\n\t\t\t\t\t\t\t\t\t<p>Eingebettet in die <strong>Stille<\/strong> der W\u00e4lder des toskanisch-romagnolischen Apennins. Es gibt besondere Orte, an denen man tief durchatmen kann und sich in die Vergangenheit zur\u00fcckversetzt f\u00fchlt.<\/p>\n<p>Auf einem ein Hektar gro\u00dfen Plateau, umgeben vom sanften Pl\u00e4tschern eines klaren Baches, liegt <strong>ein wundersch\u00f6nes Steinbauernhaus<\/strong>.<\/p>\n<p>Es bewahrt noch immer <strong>den ganzen alten Zauber<\/strong> der alten M\u00fchle, in deren im Keller sich die beiden Kellerr\u00e4ume mit den alten M\u00fchlsteinen befinden.<\/p>\n<p>Die besondere, idyllische Lage macht es zu <strong>einem kleinen Juwel<\/strong> f\u00fcr alle, die das Leben in der Natur, inmitten von Stille und Gr\u00fcn lieben.<\/p>\n<p>Im Erdgeschoss befindet sich der Wohnbereich: <strong>eine gem\u00fctliche K\u00fcche mit Kamin<\/strong>, die zum Verweilen und Genie\u00dfen einl\u00e4dt, ein Holzofen und ein Badezimmer mit Dusche.<\/p>\n<p>Im ersten Stock erwarten Sie zwei helle Zimmer mit Holzb\u00f6den und rustikalem Charme: ein Doppelzimmer und ein Zimmer mit zwei Einzelbetten.<\/p>\n<p>Nebenan beherbergt <strong>ein weiteres charakteristisches, renoviertes Geb\u00e4ude ein charmantes G\u00e4stehaus<\/strong> f\u00fcr Freunde und G\u00e4ste.<\/p>\n<p>Ein letztes Highlight: Folgen Sie einem Pfad durch den Wald, der am Bach entlangf\u00fchrt, etwa 200 Meter vom Bauernhaus entfernt, und Sie erreichen <strong>den atemberaubenden Wasserfall Civorio<\/strong> \u2013 eine erfrischende Abk\u00fchlung im Sommer.<\/p>\n<p>Ein besonderer Ort, den man mit Liebe und Achtsamkeit erleben sollte.<\/p>\n\t\t\t\t\t\t\t\t<\/div>\n\t\t\t\t<\/div>\n\t\t<div class=\"elementor-element elementor-element-797577f2 e-con-full e-flex elementor-invisible e-con e-child\" data-id=\"797577f2\" data-element_type=\"container\" data-settings=\"{&quot;background_background&quot;:&quot;classic&quot;,&quot;animation&quot;:&quot;fadeInRight&quot;}\">\n\t\t\t\t<div class=\"elementor-element elementor-element-fcbf38e elementor-widget__width-inherit elementor-widget elementor-widget-image-carousel\" data-id=\"fcbf38e\" data-element_type=\"widget\" data-settings=\"{&quot;slides_to_show&quot;:&quot;1&quot;,&quot;navigation&quot;:&quot;none&quot;,&quot;autoplay&quot;:&quot;yes&quot;,&quot;pause_on_interaction&quot;:&quot;yes&quot;,&quot;autoplay_speed&quot;:5000,&quot;infinite&quot;:&quot;yes&quot;,&quot;effect&quot;:&quot;slide&quot;,&quot;speed&quot;:500}\" data-widget_type=\"image-carousel.default\">\n\t\t\t\t\t\t\t<div class=\"elementor-image-carousel-wrapper swiper\" role=\"region\" aria-roledescription=\"carousel\" aria-label=\"Immagini Home\" dir=\"ltr\">\n\t\t\t<div class=\"elementor-image-carousel swiper-wrapper\" aria-live=\"off\">\n\t\t\t\t\t\t\t\t<div class=\"swiper-slide\" role=\"group\" aria-roledescription=\"slide\" aria-label=\"1 von 6\"><figure class=\"swiper-slide-inner\"><img decoding=\"async\" class=\"swiper-slide-image\" src=\"https:\/\/dmi.mesdb15.com\/wp-content\/uploads\/2026\/03\/casc-defi-2-1-768x1024.jpg\" alt=\"cascata_cadutaacqua\" \/><\/figure><\/div><div class=\"swiper-slide\" role=\"group\" aria-roledescription=\"slide\" aria-label=\"2 von 6\"><figure class=\"swiper-slide-inner\"><img decoding=\"async\" class=\"swiper-slide-image\" src=\"https:\/\/dmi.mesdb15.com\/wp-content\/uploads\/2026\/03\/IMG-20250719-WA0060-new-768x1024.jpg\" alt=\"cascata_bambini\" \/><\/figure><\/div><div class=\"swiper-slide\" role=\"group\" aria-roledescription=\"slide\" aria-label=\"3 von 6\"><figure class=\"swiper-slide-inner\"><img decoding=\"async\" class=\"swiper-slide-image\" src=\"https:\/\/dmi.mesdb15.com\/wp-content\/uploads\/2026\/03\/20250723_114859-chiaro-768x1024.jpg\" alt=\"lettini_daspiaggia Lettini su prato\" \/><\/figure><\/div><div class=\"swiper-slide\" role=\"group\" aria-roledescription=\"slide\" aria-label=\"4 von 6\"><figure class=\"swiper-slide-inner\"><img decoding=\"async\" class=\"swiper-slide-image\" src=\"https:\/\/dmi.mesdb15.com\/wp-content\/uploads\/2026\/03\/IMG-20250810-WA0003.1-768x1024.jpg\" alt=\"Paesaggio\" \/><\/figure><\/div><div class=\"swiper-slide\" role=\"group\" aria-roledescription=\"slide\" aria-label=\"5 von 6\"><figure class=\"swiper-slide-inner\"><img decoding=\"async\" class=\"swiper-slide-image\" src=\"https:\/\/dmi.mesdb15.com\/wp-content\/uploads\/2026\/03\/def2-20250723_114452-768x1024.jpg\" alt=\"panchina\" \/><\/figure><\/div><div class=\"swiper-slide\" role=\"group\" aria-roledescription=\"slide\" aria-label=\"6 von 6\"><figure class=\"swiper-slide-inner\"><img decoding=\"async\" class=\"swiper-slide-image\" src=\"https:\/\/dmi.mesdb15.com\/wp-content\/uploads\/2026\/03\/sc-20250723_114351-768x1024.jpg\" alt=\"panchine\" \/><\/figure><\/div>\t\t\t<\/div>\n\t\t\t\t\t\t\t\n\t\t\t\t\t\t\t\t\t<\/div>\n\t\t\t\t\t\t<\/div>\n\t\t\t\t<\/div>\n\t\t\t\t<\/div>\n\t\t\t\t<\/div>\n\t\t","protected":false},"excerpt":{"rendered":"<p>https:\/\/dmi.mesdb15.com\/wp-content\/uploads\/2026\/01\/Mulino.mp4 Um wie im M\u00e4rchen zu leben Um wie im M\u00e4rchen zu leben Eingebettet in die Stille der W\u00e4lder des toskanisch-romagnolischen Apennins. Es gibt besondere Orte, an denen man tief durchatmen kann und sich in die Vergangenheit zur\u00fcckversetzt f\u00fchlt. Auf einem ein Hektar gro\u00dfen Plateau, umgeben vom sanften Pl\u00e4tschern eines klaren Baches, liegt ein wundersch\u00f6nes [&hellip;]<\/p>\n","protected":false},"author":2,"featured_media":0,"parent":0,"menu_order":0,"comment_status":"closed","ping_status":"closed","template":"","meta":{"footnotes":""},"class_list":["post-987","page","type-page","status-publish","hentry"],"_links":{"self":[{"href":"https:\/\/dmi.mesdb15.com\/de\/wp-json\/wp\/v2\/pages\/987","targetHints":{"allow":["GET"]}}],"collection":[{"href":"https:\/\/dmi.mesdb15.com\/de\/wp-json\/wp\/v2\/pages"}],"about":[{"href":"https:\/\/dmi.mesdb15.com\/de\/wp-json\/wp\/v2\/types\/page"}],"author":[{"embeddable":true,"href":"https:\/\/dmi.mesdb15.com\/de\/wp-json\/wp\/v2\/users\/2"}],"replies":[{"embeddable":true,"href":"https:\/\/dmi.mesdb15.com\/de\/wp-json\/wp\/v2\/comments?post=987"}],"version-history":[{"count":30,"href":"https:\/\/dmi.mesdb15.com\/de\/wp-json\/wp\/v2\/pages\/987\/revisions"}],"predecessor-version":[{"id":2694,"href":"https:\/\/dmi.mesdb15.com\/de\/wp-json\/wp\/v2\/pages\/987\/revisions\/2694"}],"wp:attachment":[{"href":"https:\/\/dmi.mesdb15.com\/de\/wp-json\/wp\/v2\/media?parent=987"}],"curies":[{"name":"wp","href":"https:\/\/api.w.org\/{rel}","templated":true}]}}