{"id":990,"date":"2026-01-08T10:50:40","date_gmt":"2026-01-08T09:50:40","guid":{"rendered":"https:\/\/dmi.mesdb15.com\/so-erreichen-sie-uns\/"},"modified":"2026-03-04T17:06:07","modified_gmt":"2026-03-04T16:06:07","slug":"so-erreichen-sie-uns","status":"publish","type":"page","link":"https:\/\/dmi.mesdb15.com\/de\/so-erreichen-sie-uns\/","title":{"rendered":"So erreichen Sie uns"},"content":{"rendered":"\t\t<div data-elementor-type=\"wp-page\" data-elementor-id=\"990\" class=\"elementor elementor-990 elementor-98\" data-elementor-post-type=\"page\">\n\t\t\t\t<div class=\"elementor-element elementor-element-a4aff4e e-con-full e-flex e-con e-parent\" data-id=\"a4aff4e\" data-element_type=\"container\" data-settings=\"{&quot;background_background&quot;:&quot;classic&quot;}\">\n\t\t\t\t<div class=\"elementor-element elementor-element-aa322a8 elementor-widget__width-inherit scrollphoto-main-banner elementor-invisible elementor-widget elementor-widget-video\" data-id=\"aa322a8\" data-element_type=\"widget\" data-settings=\"{&quot;video_type&quot;:&quot;hosted&quot;,&quot;autoplay&quot;:&quot;yes&quot;,&quot;mute&quot;:&quot;yes&quot;,&quot;loop&quot;:&quot;yes&quot;,&quot;_animation&quot;:&quot;flash&quot;}\" data-widget_type=\"video.default\">\n\t\t\t\t\t\t\t<div class=\"e-hosted-video elementor-wrapper elementor-open-inline\">\n\t\t\t\t\t<video class=\"elementor-video\" src=\"https:\/\/dmi.mesdb15.com\/wp-content\/uploads\/2026\/01\/Mulino-strada-piuveloce.mp4\" autoplay=\"\" loop=\"\" muted=\"muted\" controlsList=\"nodownload\"><\/video>\n\t\t\t\t<\/div>\n\t\t\t\t\t\t<\/div>\n\t\t\t\t<\/div>\n\t\t<div class=\"elementor-element elementor-element-62a54342 e-con-full e-flex e-con e-parent\" data-id=\"62a54342\" data-element_type=\"container\">\n\t\t\t\t<div class=\"elementor-element elementor-element-1064bfb9 elementor-widget__width-inherit elementor-widget-tablet__width-inherit animated-fast elementor-invisible elementor-widget elementor-widget-heading\" data-id=\"1064bfb9\" data-element_type=\"widget\" data-settings=\"{&quot;_animation&quot;:&quot;fadeIn&quot;}\" data-widget_type=\"heading.default\">\n\t\t\t\t\t<h1 class=\"elementor-heading-title elementor-size-default\">Karte<\/h1>\t\t\t\t<\/div>\n\t\t\t\t<\/div>\n\t\t<div class=\"elementor-element elementor-element-f1b929f e-con-full e-flex e-con e-parent\" data-id=\"f1b929f\" data-element_type=\"container\">\n\t\t<div class=\"elementor-element elementor-element-1d30f411 e-con-full e-flex elementor-invisible e-con e-child\" data-id=\"1d30f411\" data-element_type=\"container\" data-settings=\"{&quot;animation&quot;:&quot;fadeInLeft&quot;}\">\n\t\t\t\t<div class=\"elementor-element elementor-element-11e5606c elementor-widget__width-inherit elementor-widget-tablet__width-inherit elementor-widget elementor-widget-text-editor\" data-id=\"11e5606c\" data-element_type=\"widget\" data-widget_type=\"text-editor.default\">\n\t\t\t\t\t\t\t\t\t<p>Folgen Sie Ihrem Navigationsger\u00e4t zum <a href=\"https:\/\/goo.gl\/maps\/pHWpJ9YEb8aHyvN46\" target=\"_blank\" rel=\"noopener noreferrer\">Restaurant Civorio (hier Google Maps).<\/a><\/p>\n<p>Fahren Sie weiter auf der Stra\u00dfe, die rechts vom Restaurant ansteigt.<\/p>\n<p>Sie erreichen einen kleinen Innenhof.<\/p>\n<p>Gehen Sie vom Innenhof aus die Stra\u00dfe vor dem Haus entlang.<\/p>\n<p>(Rechts zweigt eine weitere Stra\u00dfe ab, die Sie NICHT nehmen sollten.)<\/p>\n<p>Sie sind fast da; diese Stra\u00dfe ist der einzige Weg zur M\u00fchle. Folgen Sie ihr bis zum Eisentor.<\/p>\n\t\t\t\t\t\t\t\t<\/div>\n\t\t\t\t<\/div>\n\t\t<div class=\"elementor-element elementor-element-47ce90e3 e-con-full e-flex elementor-invisible e-con e-child\" data-id=\"47ce90e3\" data-element_type=\"container\" data-settings=\"{&quot;animation&quot;:&quot;fadeInRight&quot;}\">\n\t\t\t\t<div class=\"elementor-element elementor-element-d872f09 elementor-widget elementor-widget-html\" data-id=\"d872f09\" data-element_type=\"widget\" data-widget_type=\"html.default\">\n\t\t\t\t\t<iframe src=\"https:\/\/www.google.com\/maps\/embed?pb=!1m18!1m12!1m3!1d2872.564983146433!2d12.0352121!3d43.94767590000001!2m3!1f0!2f0!3f0!3m2!1i1024!2i768!4f13.1!3m3!1m2!1s0x132b6687874d19f9%3A0x76d18b0c6d633a82!2sRistorante%20Civorio!5e0!3m2!1sit!2sit!4v1767865015748!5m2!1sit!2sit\" width=\"600\" height=\"450\" style=\"border:0;\" allowfullscreen=\"\" loading=\"lazy\" referrerpolicy=\"no-referrer-when-downgrade\"><\/iframe>\t\t\t\t<\/div>\n\t\t\t\t<\/div>\n\t\t\t\t<\/div>\n\t\t\t\t<\/div>\n\t\t","protected":false},"excerpt":{"rendered":"<p>https:\/\/dmi.mesdb15.com\/wp-content\/uploads\/2026\/01\/Mulino-strada-piuveloce.mp4 Karte Folgen Sie Ihrem Navigationsger\u00e4t zum Restaurant Civorio (hier Google Maps). Fahren Sie weiter auf der Stra\u00dfe, die rechts vom Restaurant ansteigt. Sie erreichen einen kleinen Innenhof. Gehen Sie vom Innenhof aus die Stra\u00dfe vor dem Haus entlang. (Rechts zweigt eine weitere Stra\u00dfe ab, die Sie NICHT nehmen sollten.) Sie sind fast da; diese [&hellip;]<\/p>\n","protected":false},"author":2,"featured_media":0,"parent":0,"menu_order":1,"comment_status":"closed","ping_status":"closed","template":"elementor_header_footer","meta":{"footnotes":""},"class_list":["post-990","page","type-page","status-publish","hentry"],"_links":{"self":[{"href":"https:\/\/dmi.mesdb15.com\/de\/wp-json\/wp\/v2\/pages\/990","targetHints":{"allow":["GET"]}}],"collection":[{"href":"https:\/\/dmi.mesdb15.com\/de\/wp-json\/wp\/v2\/pages"}],"about":[{"href":"https:\/\/dmi.mesdb15.com\/de\/wp-json\/wp\/v2\/types\/page"}],"author":[{"embeddable":true,"href":"https:\/\/dmi.mesdb15.com\/de\/wp-json\/wp\/v2\/users\/2"}],"replies":[{"embeddable":true,"href":"https:\/\/dmi.mesdb15.com\/de\/wp-json\/wp\/v2\/comments?post=990"}],"version-history":[{"count":11,"href":"https:\/\/dmi.mesdb15.com\/de\/wp-json\/wp\/v2\/pages\/990\/revisions"}],"predecessor-version":[{"id":2502,"href":"https:\/\/dmi.mesdb15.com\/de\/wp-json\/wp\/v2\/pages\/990\/revisions\/2502"}],"wp:attachment":[{"href":"https:\/\/dmi.mesdb15.com\/de\/wp-json\/wp\/v2\/media?parent=990"}],"curies":[{"name":"wp","href":"https:\/\/api.w.org\/{rel}","templated":true}]}}